{"id":237,"date":"2021-09-21T11:38:28","date_gmt":"2021-09-21T08:38:28","guid":{"rendered":"https:\/\/helen.local\/?page_id=237"},"modified":"2022-03-14T09:55:39","modified_gmt":"2022-03-14T07:55:39","slug":"who-is-helen","status":"publish","type":"page","link":"https:\/\/helensang.com\/en\/who-is-helen\/","title":{"rendered":"Who is Helen?"},"content":{"rendered":"\n<div class=\"wp-block-image is-style-default\"><figure class=\"alignleft size-full is-resized\"><img loading=\"lazy\" decoding=\"async\" src=\"https:\/\/helensang.com\/wp-content\/uploads\/2021\/09\/helensang.jpg\" alt=\"Helen Sang\" class=\"wp-image-144\" width=\"383\" height=\"364\" srcset=\"https:\/\/helensang.com\/wp-content\/uploads\/2021\/09\/helensang.jpg 383w, https:\/\/helensang.com\/wp-content\/uploads\/2021\/09\/helensang-300x285.jpg 300w\" sizes=\"(max-width: 383px) 100vw, 383px\" \/><\/figure><\/div>\n\n\n\n<p>I have always been surrounded by people, who take pride in handicraft and so the love for creation has been passed on to me as well. It is one of my greatest joys to see something beautiful take form in my hands and I like to tell the stories of each individual piece of jewelry.<\/p>\n\n\n\n<p>Many ideas for the next piece are found in nature. As I live close to wilderness, there is always a chance to find unique patterns, beautiful flowers and leaves, mystical mushrooms, ancient moss and so much more.&nbsp;&nbsp;<\/p>\n\n\n\n<p>Jewelry contests present a good challenge to try and create something new and unique. The pieces I have presented there, have over the years grown- at least in size, but perhaps they have also grown in personality.&nbsp;<\/p>\n\n\n\n<p>I started creating silver jewelry in 2009 but silver clay still continues to inspire me, as this material provides almost endless opportunities to create unique designs. <\/p>\n\n\n\n<p>Today I have participated in classes in UK, Finland and Germany enabling me to practice as Art Clay senior instructor. I truly like teaching but also learning a bit from each student.&nbsp;<\/p>\n\n\n\n<h3 class=\"wp-block-heading\">Awards and recognitions:<\/h3>\n\n\n\n<p>2021- Art Clay Silver Accessories Contest 2021 Award of Excellence &#8211; Japan<\/p>\n\n\n\n<p>2018- Metal Clay Europe Challenge III place<\/p>\n\n\n\n<p>2017- Art Clay Silver Accessories Contest 2017&nbsp; Award of Judges \u201eEncouragement\u201c Japan<\/p>\n\n\n\n<p>2017- Rio Grande Saul Bell Design Award 2017 finalist USA<\/p>\n\n\n\n<p>2017- Fire Mountain Gems and beads&nbsp; Jewelry \u2013Making Contests 2017, silver medal USA<\/p>\n\n\n\n<p>2017- Estonian Folk Art and Craft Union Contest  \u201eTulest tulnud\u201c\u00a0 II award Estonia<\/p>\n\n\n\n<p>2015- Art Clay Silver Accessories Contest 2015 Japan Yamato Logistics Award<\/p>\n\n\n\n<h2 class=\"wp-block-heading\">Awards<\/h2>\n\n\n\n<p><strong>\u201cSoul Keepers\u201d&nbsp; Helen Sang<\/strong><\/p>\n\n\n\n<p><strong>Art Clay Silver Accessories Contest 2021 Award of Excellence, &nbsp;Japan<\/strong><\/p>\n\n\n\n<p>Every house is different in its character. These houses are inspired by the nature from my neighbourhood that never fails to surprise.&nbsp; The rooftops of these houses form a screwable cap to a vessel and there is a secret hiding place for the most important. These houses can be worn as necklace.<\/p>\n\n\n\n<figure class=\"wp-block-image size-large\"><img loading=\"lazy\" decoding=\"async\" width=\"1024\" height=\"829\" src=\"https:\/\/helensang.com\/wp-content\/uploads\/2022\/03\/soul-keepers-sm-1024x829.jpg\" alt=\"\" class=\"wp-image-770\" srcset=\"https:\/\/helensang.com\/wp-content\/uploads\/2022\/03\/soul-keepers-sm-1024x829.jpg 1024w, https:\/\/helensang.com\/wp-content\/uploads\/2022\/03\/soul-keepers-sm-300x243.jpg 300w, https:\/\/helensang.com\/wp-content\/uploads\/2022\/03\/soul-keepers-sm-768x622.jpg 768w, https:\/\/helensang.com\/wp-content\/uploads\/2022\/03\/soul-keepers-sm.jpg 1234w\" sizes=\"(max-width: 1024px) 100vw, 1024px\" \/><\/figure>\n\n\n\n<p><strong>Silver \u201eFairy flower wreath\u201cHelen Sang<\/strong><\/p>\n\n\n\n<p><strong><em>Rio Grande Saul Bell Design Award 2017 finalist USA<\/em><\/strong><\/p>\n\n\n\n<p>This flower wreath has made from silver clay with flower cores accented with 24k gold. Hand shaped flower petals are joint together into blooms and then into amazing flower wreath any fairy would wear during warm summer night welcoming new dawn.<\/p>\n\n\n\n<figure class=\"wp-block-image size-full\"><img loading=\"lazy\" decoding=\"async\" width=\"1000\" height=\"1000\" src=\"https:\/\/helensang.com\/wp-content\/uploads\/2021\/10\/auhind.jpg\" alt=\"\u00e4rg\u201d Helen Sang\" class=\"wp-image-366\" srcset=\"https:\/\/helensang.com\/wp-content\/uploads\/2021\/10\/auhind.jpg 1000w, https:\/\/helensang.com\/wp-content\/uploads\/2021\/10\/auhind-100x100.jpg 100w, https:\/\/helensang.com\/wp-content\/uploads\/2021\/10\/auhind-540x540.jpg 540w, https:\/\/helensang.com\/wp-content\/uploads\/2021\/10\/auhind-300x300.jpg 300w, https:\/\/helensang.com\/wp-content\/uploads\/2021\/10\/auhind-150x150.jpg 150w, https:\/\/helensang.com\/wp-content\/uploads\/2021\/10\/auhind-768x768.jpg 768w\" sizes=\"(max-width: 1000px) 100vw, 1000px\" \/><\/figure>\n\n\n\n<p><strong>Necklace&nbsp; \u201cThere is a secret behind everything\u201d Helen Sang<\/strong><\/p>\n\n\n\n<p><strong><em>Art Clay Silver Accessories Contest 2017&nbsp; Award of Judges \u201eEncouragement\u201c , Japan<\/em><\/strong><\/p>\n\n\n\n<p>You can look at the world in many ways. The easiest and most obvious would be to just trust your eyes. However, the world can become a much richer place, if you try to look with your soul and allow a bit of fairytale into your life. The piece is an artists vision of the hidden world of magic that thrives in the nature all around us and gives our fantasies endless opportunities.<\/p>\n\n\n\n<figure class=\"wp-block-image size-full\"><img loading=\"lazy\" decoding=\"async\" width=\"800\" height=\"800\" src=\"https:\/\/helensang.com\/wp-content\/uploads\/2021\/10\/there-is-a-secret-behind-everything.jpg\" alt=\"Kaelaehe \u201cThere is a secret behind everything\u201d Helen Sang\" class=\"wp-image-376\" srcset=\"https:\/\/helensang.com\/wp-content\/uploads\/2021\/10\/there-is-a-secret-behind-everything.jpg 800w, https:\/\/helensang.com\/wp-content\/uploads\/2021\/10\/there-is-a-secret-behind-everything-100x100.jpg 100w, https:\/\/helensang.com\/wp-content\/uploads\/2021\/10\/there-is-a-secret-behind-everything-540x540.jpg 540w, https:\/\/helensang.com\/wp-content\/uploads\/2021\/10\/there-is-a-secret-behind-everything-300x300.jpg 300w, https:\/\/helensang.com\/wp-content\/uploads\/2021\/10\/there-is-a-secret-behind-everything-150x150.jpg 150w, https:\/\/helensang.com\/wp-content\/uploads\/2021\/10\/there-is-a-secret-behind-everything-768x768.jpg 768w\" sizes=\"(max-width: 800px) 100vw, 800px\" \/><\/figure>\n\n\n\n<p><strong>\u201eTear of Joy\u201c&nbsp; Helen Sang<\/strong><\/p>\n\n\n\n<p><strong><em>Fire Mountain Gems and beads. Jewelry \u2013Making Contests 2017, silver medal USA<\/em><\/strong><\/p>\n\n\n\n<p>After completing a major project I always experience great feeling of relief. Sometimes, it comes with tears of joy.0<\/p>\n\n\n\n<figure class=\"wp-block-image size-large\"><img loading=\"lazy\" decoding=\"async\" width=\"683\" height=\"1024\" src=\"https:\/\/helensang.com\/wp-content\/uploads\/2021\/10\/ehted-3-683x1024.jpg\" alt=\"H\u00f5be \u201eR\u00f5\u00f5mupisar\u201c\u00a0 Helen Sang\" class=\"wp-image-368\" srcset=\"https:\/\/helensang.com\/wp-content\/uploads\/2021\/10\/ehted-3-683x1024.jpg 683w, https:\/\/helensang.com\/wp-content\/uploads\/2021\/10\/ehted-3-540x810.jpg 540w, https:\/\/helensang.com\/wp-content\/uploads\/2021\/10\/ehted-3-200x300.jpg 200w, https:\/\/helensang.com\/wp-content\/uploads\/2021\/10\/ehted-3-768x1152.jpg 768w, https:\/\/helensang.com\/wp-content\/uploads\/2021\/10\/ehted-3.jpg 1000w\" sizes=\"(max-width: 683px) 100vw, 683px\" \/><\/figure>\n\n\n\n<p><strong>Ring and bracelet &nbsp;\u201eGlobeflowers\u201c Helen Sang<\/strong><\/p>\n\n\n\n<p><strong><em>Art Clay Silver Accessories Contest 2015 Jaapanis Yamato Logistics Award, Japan<\/em><\/strong><\/p>\n\n\n\n<p>Globeflowers are my favourite flowers. Their vibrant yellow colour shines like the Sun after long northern winter and when you go out to the pastures to see them, you can feel the full freshness of the spring air. Silver globeflowers are crafted while admiring the beautiful wild blossoms<\/p>\n\n\n\n<figure class=\"wp-block-image size-full\"><img loading=\"lazy\" decoding=\"async\" width=\"800\" height=\"683\" src=\"https:\/\/helensang.com\/wp-content\/uploads\/2021\/10\/helen-sangglobeflower.jpg\" alt=\"K\u00e4ev\u00f5ru ja s\u00f5rmus \u201eKullerkupud\u201c Helen Sang\" class=\"wp-image-370\" srcset=\"https:\/\/helensang.com\/wp-content\/uploads\/2021\/10\/helen-sangglobeflower.jpg 800w, https:\/\/helensang.com\/wp-content\/uploads\/2021\/10\/helen-sangglobeflower-540x461.jpg 540w, https:\/\/helensang.com\/wp-content\/uploads\/2021\/10\/helen-sangglobeflower-300x256.jpg 300w, https:\/\/helensang.com\/wp-content\/uploads\/2021\/10\/helen-sangglobeflower-768x656.jpg 768w\" sizes=\"(max-width: 800px) 100vw, 800px\" \/><\/figure>\n","protected":false},"excerpt":{"rendered":"<p>I have always been surrounded by people, who take pride in handicraft and so the love for creation has been passed on to me as well. It is one of my greatest joys to see something beautiful take form in my hands and I like to tell the stories of each individual piece of jewelry. [&hellip;]<\/p>\n","protected":false},"author":1,"featured_media":0,"parent":0,"menu_order":0,"comment_status":"closed","ping_status":"closed","template":"","meta":{"_kad_blocks_custom_css":"","_kad_blocks_head_custom_js":"","_kad_blocks_body_custom_js":"","_kad_blocks_footer_custom_js":"","footnotes":""},"blocksy_meta":{"styles_descriptor":{"styles":{"desktop":"","tablet":"","mobile":""},"google_fonts":[],"version":6}},"taxonomy_info":[],"featured_image_src_large":false,"author_info":{"display_name":"janek","author_link":"https:\/\/helensang.com\/en\/author\/janek\/"},"comment_info":0,"_links":{"self":[{"href":"https:\/\/helensang.com\/en\/wp-json\/wp\/v2\/pages\/237"}],"collection":[{"href":"https:\/\/helensang.com\/en\/wp-json\/wp\/v2\/pages"}],"about":[{"href":"https:\/\/helensang.com\/en\/wp-json\/wp\/v2\/types\/page"}],"author":[{"embeddable":true,"href":"https:\/\/helensang.com\/en\/wp-json\/wp\/v2\/users\/1"}],"replies":[{"embeddable":true,"href":"https:\/\/helensang.com\/en\/wp-json\/wp\/v2\/comments?post=237"}],"version-history":[{"count":0,"href":"https:\/\/helensang.com\/en\/wp-json\/wp\/v2\/pages\/237\/revisions"}],"wp:attachment":[{"href":"https:\/\/helensang.com\/en\/wp-json\/wp\/v2\/media?parent=237"}],"curies":[{"name":"wp","href":"https:\/\/api.w.org\/{rel}","templated":true}]}}